{"id":7288,"date":"2023-04-03T17:08:08","date_gmt":"2023-04-03T17:08:08","guid":{"rendered":"https:\/\/quantecgeo.com\/?page_id=7288"},"modified":"2025-01-14T22:03:13","modified_gmt":"2025-01-14T22:03:13","slug":"technology-2","status":"publish","type":"page","link":"https:\/\/quantecgeo.com\/es\/technology-2\/","title":{"rendered":"TECNOLOG\u00cdA"},"content":{"rendered":"<div data-colibri-id=\"7288-c1\" class=\"style-822 style-local-7288-c1 position-relative\">\n  <!---->\n  <div data-colibri-component=\"section\" data-colibri-id=\"7288-c2\" id=\"about-2\" class=\"h-section h-section-global-spacing d-flex align-items-lg-center align-items-md-center align-items-end style-1351 style-local-7288-c2 h-overflow-hidden position-relative\">\n    <div class=\"background-wrapper\">\n      <div class=\"background-layer background-layer-media-container-lg\">\n        <!---->\n        <div class=\"overlay-layer\">\n          <div class=\"overlay-image-layer\" style=\"background-image: linear-gradient(90deg, rgba(255, 255, 255, 0.5) 0%, rgb(255, 255, 255) 45%);\"><\/div>\n        <\/div>\n      <\/div>\n      <div class=\"background-layer background-layer-media-container-md\">\n        <!---->\n        <div class=\"overlay-layer\">\n          <div class=\"overlay-image-layer\" style=\"background-image: linear-gradient(90deg, rgba(255, 255, 255, 0.5) 0%, rgb(255, 255, 255) 45%);\"><\/div>\n        <\/div>\n      <\/div>\n      <div class=\"background-layer background-layer-media-container\">\n        <!---->\n        <div class=\"overlay-layer\">\n          <div class=\"overlay-image-layer\" style=\"background-image: linear-gradient(90deg, rgba(255, 255, 255, 0.5) 0%, rgb(255, 255, 255) 45%);\"><\/div>\n        <\/div>\n      <\/div>\n    <\/div>\n    <!---->\n    <div class=\"h-section-grid-container h-section-boxed-container\">\n      <!---->\n      <div data-colibri-id=\"7288-c3\" class=\"h-row-container gutters-row-lg-0 gutters-row-md-0 gutters-row-2 gutters-row-v-lg-0 gutters-row-v-md-0 gutters-row-v-0 style-1352 style-local-7288-c3 position-relative\">\n        <!---->\n        <div class=\"h-row justify-content-lg-end justify-content-md-end justify-content-center align-items-lg-stretch align-items-md-stretch align-items-stretch gutters-col-lg-0 gutters-col-md-0 gutters-col-2 gutters-col-v-lg-0 gutters-col-v-md-0 gutters-col-v-0\">\n          <!---->\n          <div class=\"h-column h-column-container d-flex h-col-lg-auto h-col-md-auto h-col-auto style-1353-outer style-local-7288-c4-outer\">\n            <div data-colibri-id=\"7288-c4\" class=\"d-flex h-flex-basis h-column__inner h-px-lg-2 h-px-md-2 h-px-0 v-inner-lg-2 v-inner-md-2 v-inner-0 style-1353 style-local-7288-c4 position-relative\">\n              <!---->\n              <!---->\n              <div class=\"w-100 h-y-container h-column__content h-column__v-align flex-basis-100 align-self-lg-end align-self-md-end align-self-end\">\n                <!---->\n                <div data-colibri-id=\"7288-c5\" class=\"h-global-transition-all h-heading style-1354 style-local-7288-c5 position-relative h-element\">\n                  <!---->\n                  <div class=\"h-heading__outer style-1354 style-local-7288-c5\">\n                    <!---->\n                    <!---->\n                    <h2 class=\"\"><strong style=\"color: rgb(204, 55, 0); font-weight: 800;\">Technology<\/strong><strong style=\"color: rgb(204, 5, 31); font-weight: 800;\">&nbsp;<\/strong>for Discovery<\/h2>\n                  <\/div>\n                <\/div>\n              <\/div>\n            <\/div>\n          <\/div>\n        <\/div>\n      <\/div>\n    <\/div>\n  <\/div>\n  <div data-colibri-component=\"section\" data-colibri-id=\"7288-c6\" id=\"about\" class=\"h-section h-section-global-spacing d-flex align-items-lg-center align-items-md-center align-items-center style-2148 style-local-7288-c6 position-relative\">\n    <div class=\"background-wrapper\">\n      <div class=\"background-layer background-layer-media-container-lg\">\n        <!---->\n        <div class=\"overlay-layer\">\n          <div class=\"overlay-image-layer\" style=\"background-color: rgb(255, 255, 255); opacity: 0.5;\"><\/div>\n        <\/div>\n      <\/div>\n      <div class=\"background-layer background-layer-media-container-md\">\n        <!---->\n        <div class=\"overlay-layer\">\n          <div class=\"overlay-image-layer\" style=\"background-color: rgb(255, 255, 255); opacity: 0.5;\"><\/div>\n        <\/div>\n      <\/div>\n      <div class=\"background-layer background-layer-media-container\">\n        <!---->\n        <div class=\"overlay-layer\">\n          <div class=\"overlay-image-layer\" style=\"background-color: rgb(255, 255, 255); opacity: 0.5;\"><\/div>\n        <\/div>\n      <\/div>\n    <\/div>\n    <!---->\n    <div class=\"h-section-grid-container h-section-boxed-container\">\n      <!---->\n      <div data-colibri-id=\"7288-c7\" class=\"h-row-container gutters-row-lg-0 gutters-row-md-0 gutters-row-0 gutters-row-v-lg-0 gutters-row-v-md-0 gutters-row-v-0 style-2149 style-local-7288-c7 position-relative\">\n        <!---->\n        <div class=\"h-row justify-content-lg-center justify-content-md-center justify-content-center align-items-lg-stretch align-items-md-stretch align-items-stretch gutters-col-lg-0 gutters-col-md-0 gutters-col-0 gutters-col-v-lg-0 gutters-col-v-md-0 gutters-col-v-0\">\n          <!---->\n          <div data-aos=\"fadeInLeft\" class=\"h-column h-column-container d-flex h-col-lg-auto h-col-md-auto h-col-auto style-2167-outer style-local-7288-c8-outer\">\n            <div data-colibri-id=\"7288-c8\" class=\"d-flex h-flex-basis h-column__inner h-ui-empty-state-container h-px-lg-2 h-px-md-2 h-px-0 v-inner-lg-2 v-inner-md-2 v-inner-0 style-2167 style-local-7288-c8 position-relative\">\n              <!---->\n              <!---->\n              <div class=\"w-100 h-y-container h-column__content h-column__v-align flex-basis-100\">\n                <!---->\n              <\/div>\n            <\/div>\n          <\/div>\n          <div class=\"h-column h-column-container d-flex h-col-lg-auto h-col-md-auto h-col-auto style-2152-outer style-local-7288-c9-outer\">\n            <div data-colibri-id=\"7288-c9\" class=\"d-flex h-flex-basis h-column__inner h-px-lg-3 h-px-md-3 h-px-3 v-inner-lg-3 v-inner-md-3 v-inner-3 style-2152 style-local-7288-c9 position-relative\">\n              <!---->\n              <!---->\n              <div class=\"w-100 h-y-container h-column__content h-column__v-align flex-basis-100 align-self-lg-center align-self-md-center align-self-center\">\n                <!---->\n                <div data-colibri-id=\"7288-c10\" class=\"h-global-transition-all h-heading style-2153 style-local-7288-c10 position-relative h-element\">\n                  <!---->\n                  <div class=\"h-heading__outer style-2153 style-local-7288-c10\">\n                    <!---->\n                    <!---->\n                    <h3 class=\"\"><strong>TITAN<\/strong><\/h3>\n                  <\/div>\n                <\/div>\n                <div data-colibri-id=\"7288-c11\" class=\"h-text h-text-component style-2154 style-local-7288-c11 position-relative h-element\">\n                  <!---->\n                  <!---->\n                  <div class=\"\">\n                    <p><span style=\"color: rgb(251, 252, 252);\">Simplemente la mejor instrumentaci\u00f3n de estudio multiparam\u00e9trico 2D disponible hoy en d\u00eda para obtener im\u00e1genes detalladas y profundas de DCIP y MT (magnetotel\u00faricos)<\/span><\/p>\n                    <p><span style=\"color: rgb(251, 252, 252);\">Datos DCIP de alta resoluci\u00f3n hasta profundidades de 750 metros y m\u00e1s y resistividad MT detallada complementaria hasta profundidades de 2000 metros.<\/span><\/p>\n                  <\/div>\n                <\/div>\n                <div data-colibri-id=\"7288-c12\" class=\"h-x-container style-2155 style-local-7288-c12 position-relative h-element\">\n                  <!---->\n                  <div class=\"h-x-container-inner style-dynamic-7288-c12-group style-2155-spacing style-local-7288-c12-spacing\"><span class=\"h-button__outer style-2156-outer style-local-7288-c13-outer d-inline-flex h-element\"><a h-use-smooth-scroll=\"true\" href=\"https:\/\/quantecgeo.com\/es\/titan-deep-2d-imaging-solutions\/\"  data-colibri-id=\"7288-c13\" class=\"d-flex w-100 align-items-center h-button justify-content-lg-center justify-content-md-center justify-content-center style-2156 style-local-7288-c13 position-relative\"><!----><!----> <span>APRENDE M\u00c1S<\/span><\/a>\n                    <\/span>\n                  <\/div>\n                <\/div>\n              <\/div>\n            <\/div>\n          <\/div>\n        <\/div>\n      <\/div>\n    <\/div>\n  <\/div>\n  <div data-colibri-component=\"section\" data-colibri-id=\"7288-c22\" id=\"about\" class=\"h-section h-section-global-spacing d-flex align-items-lg-center align-items-md-center align-items-center style-2166 style-local-7288-c22 position-relative\">\n    <div class=\"background-wrapper\">\n      <div class=\"background-layer background-layer-media-container-lg\">\n        <!---->\n        <div class=\"overlay-layer\">\n          <div class=\"overlay-image-layer\" style=\"background-color: rgb(255, 255, 255); opacity: 0.5;\"><\/div>\n        <\/div>\n      <\/div>\n      <div class=\"background-layer background-layer-media-container-md\">\n        <!---->\n        <div class=\"overlay-layer\">\n          <div class=\"overlay-image-layer\" style=\"background-color: rgb(255, 255, 255); opacity: 0.5;\"><\/div>\n        <\/div>\n      <\/div>\n      <div class=\"background-layer background-layer-media-container\">\n        <!---->\n        <div class=\"overlay-layer\">\n          <div class=\"overlay-image-layer\" style=\"background-color: rgb(255, 255, 255); opacity: 0.5;\"><\/div>\n        <\/div>\n      <\/div>\n    <\/div>\n    <!---->\n    <div class=\"h-section-grid-container h-section-boxed-container\">\n      <!---->\n      <div data-colibri-id=\"7288-c48\" class=\"h-row-container gutters-row-lg-2 gutters-row-md-2 gutters-row-0 gutters-row-v-lg-2 gutters-row-v-md-2 gutters-row-v-2 style-3761 style-local-7288-c48 position-relative\">\n        <!---->\n        <div class=\"h-row justify-content-lg-center justify-content-md-center justify-content-center align-items-lg-stretch align-items-md-stretch align-items-stretch gutters-col-lg-2 gutters-col-md-2 gutters-col-0 gutters-col-v-lg-2 gutters-col-v-md-2 gutters-col-v-2\">\n          <!---->\n          <div class=\"h-column h-column-container d-flex h-col-lg-auto h-col-md-auto h-col-auto style-3762-outer style-local-7288-c49-outer\">\n            <div data-colibri-id=\"7288-c49\" class=\"d-flex h-flex-basis h-column__inner h-ui-empty-state-container h-px-lg-2 h-px-md-2 h-px-2 v-inner-lg-2 v-inner-md-2 v-inner-2 style-3762 style-local-7288-c49 position-relative\">\n              <!---->\n              <!---->\n              <div class=\"w-100 h-y-container h-column__content h-column__v-align flex-basis-100\">\n                <!---->\n              <\/div>\n            <\/div>\n          <\/div>\n        <\/div>\n      <\/div>\n      <div data-colibri-id=\"7288-c23\" class=\"h-row-container gutters-row-lg-0 gutters-row-md-0 gutters-row-0 gutters-row-v-lg-0 gutters-row-v-md-0 gutters-row-v-0 style-2149 style-local-7288-c23 position-relative\">\n        <!---->\n        <div class=\"h-row justify-content-lg-center justify-content-md-center justify-content-center align-items-lg-stretch align-items-md-stretch align-items-stretch gutters-col-lg-0 gutters-col-md-0 gutters-col-0 gutters-col-v-lg-0 gutters-col-v-md-0 gutters-col-v-0\">\n          <!---->\n          <div class=\"h-column h-column-container d-flex h-col-lg-auto h-col-md-auto h-col-auto style-2152-outer style-local-7288-c30-outer\">\n            <div data-colibri-id=\"7288-c30\" class=\"d-flex h-flex-basis h-column__inner h-px-lg-3 h-px-md-3 h-px-3 v-inner-lg-3 v-inner-md-3 v-inner-3 style-2152 style-local-7288-c30 position-relative\">\n              <!---->\n              <!---->\n              <div class=\"w-100 h-y-container h-column__content h-column__v-align flex-basis-100 align-self-lg-center align-self-md-center align-self-center\">\n                <!---->\n                <div data-colibri-id=\"7288-c31\" class=\"h-global-transition-all h-heading style-2153 style-local-7288-c31 position-relative h-element\">\n                  <!---->\n                  <div class=\"h-heading__outer style-2153 style-local-7288-c31\">\n                    <!---->\n                    <!---->\n                    <h3 class=\"\"><strong>ORION 3D<\/strong><\/h3>\n                  <\/div>\n                <\/div>\n                <div data-colibri-id=\"7288-c32\" class=\"h-text h-text-component style-2154 style-local-7288-c32 position-relative h-element\">\n                  <!---->\n                  <!---->\n                  <div class=\"\">\n                    <p><span style=\"color: rgb(245, 247, 248);\">Adquisici\u00f3n de datos 3D REAL para la imagen el\u00e9ctrica m\u00e1s robusta actual del subsuelo.<\/span><\/p>\n                    <p><span style=\"color: rgb(245, 247, 248);\">2 estudios completos para obtener informaci\u00f3n detallada y profunda sobre su propiedad.<\/span><\/p>\n                    <p><span style=\"color: rgb(245, 247, 248);\">&nbsp;&nbsp;&nbsp;&nbsp;<\/span>&nbsp; &nbsp;<span style=\"color: rgb(245, 247, 248);\">3D DCIP&nbsp;and&nbsp;3D MT&nbsp;&nbsp;&nbsp;&nbsp;&nbsp;&nbsp;&nbsp;&nbsp;&nbsp;&nbsp;<\/span><\/p>\n                    <p><span style=\"color: rgb(245, 247, 248);\">\u00a1Descubre m\u00e1s con m\u00e1s informaci\u00f3n!<\/span>\n                      <br>\n                    <\/p>\n                  <\/div>\n                <\/div>\n                <div data-colibri-id=\"7288-c33\" class=\"h-x-container style-2155 style-local-7288-c33 position-relative h-element\">\n                  <!---->\n                  <div class=\"h-x-container-inner style-dynamic-7288-c33-group style-2155-spacing style-local-7288-c33-spacing\"><span class=\"h-button__outer style-2156-outer style-local-7288-c34-outer d-inline-flex h-element\"><a h-use-smooth-scroll=\"true\" href=\"https:\/\/quantecgeo.com\/es\/orion-3d\/\"  data-colibri-id=\"7288-c34\" class=\"d-flex w-100 align-items-center h-button justify-content-lg-center justify-content-md-center justify-content-center style-2156 style-local-7288-c34 position-relative\"><!----><!----> <span>APRENDE M\u00c1S<\/span><\/a>\n                    <\/span>\n                  <\/div>\n                <\/div>\n              <\/div>\n            <\/div>\n          <\/div>\n          <div class=\"h-column h-column-container d-flex h-col-lg-auto h-col-md-auto h-col-auto style-3754-outer style-local-7288-c40-outer\">\n            <div data-colibri-id=\"7288-c40\" class=\"d-flex h-flex-basis h-column__inner h-px-lg-2 h-px-md-2 h-px-0 v-inner-lg-2 v-inner-md-2 v-inner-0 style-3754 style-local-7288-c40 position-relative\">\n              <!---->\n              <!---->\n              <div class=\"w-100 h-y-container h-column__content h-column__v-align flex-basis-100 align-self-lg-start align-self-md-start align-self-start\">\n                <!---->\n                <div data-colibri-id=\"7288-c53\" class=\"d-block style-3755 style-local-7288-c53 position-relative h-element\">\n                  <!---->\n                  <div class=\"h-image__frame-container-outer\">\n                    <div class=\"h-image__frame-container\">\n                      <!---->\n                      <!---->\n                      <img loading=\"lazy\" decoding=\"async\" width=\"950\" height=\"950\" src=\"https:\/\/quantecgeo.com\/wp-content\/uploads\/2023\/09\/cropped-cropped-Orion_3D_Official_transparent.png\" class=\"wp-image-9222 style-3755-image style-local-7288-c53-image\" alt=\"\" srcset=\"https:\/\/quantecgeo.com\/wp-content\/uploads\/2023\/09\/cropped-cropped-Orion_3D_Official_transparent.png 950w, https:\/\/quantecgeo.com\/wp-content\/uploads\/2023\/09\/cropped-cropped-Orion_3D_Official_transparent-300x300.png 300w, https:\/\/quantecgeo.com\/wp-content\/uploads\/2023\/09\/cropped-cropped-Orion_3D_Official_transparent-80x80.png 80w, https:\/\/quantecgeo.com\/wp-content\/uploads\/2023\/09\/cropped-cropped-Orion_3D_Official_transparent-768x768.png 768w\" sizes=\"auto, (max-width: 950px) 100vw, 950px\" \/>\n                      <div class=\"h-image__frame h-hide-lg h-hide-md h-hide-sm style-3755-frameImage style-local-7288-c53-frameImage\"><\/div>\n                    <\/div>\n                  <\/div>\n                <\/div>\n              <\/div>\n            <\/div>\n          <\/div>\n        <\/div>\n      <\/div>\n      <div data-colibri-id=\"7288-c51\" class=\"h-row-container gutters-row-lg-2 gutters-row-md-2 gutters-row-0 gutters-row-v-lg-2 gutters-row-v-md-2 gutters-row-v-2 style-3763 style-local-7288-c51 position-relative\">\n        <!---->\n        <div class=\"h-row justify-content-lg-center justify-content-md-center justify-content-center align-items-lg-stretch align-items-md-stretch align-items-stretch gutters-col-lg-2 gutters-col-md-2 gutters-col-0 gutters-col-v-lg-2 gutters-col-v-md-2 gutters-col-v-2\">\n          <!---->\n          <div class=\"h-column h-column-container d-flex h-col-lg-auto h-col-md-auto h-col-auto style-3764-outer style-local-7288-c52-outer\">\n            <div data-colibri-id=\"7288-c52\" class=\"d-flex h-flex-basis h-column__inner h-ui-empty-state-container h-px-lg-2 h-px-md-2 h-px-2 v-inner-lg-2 v-inner-md-2 v-inner-2 style-3764 style-local-7288-c52 position-relative\">\n              <!---->\n              <!---->\n              <div class=\"w-100 h-y-container h-column__content h-column__v-align flex-basis-100\">\n                <!---->\n              <\/div>\n            <\/div>\n          <\/div>\n        <\/div>\n      <\/div>\n    <\/div>\n  <\/div>\n  <div data-colibri-component=\"section\" data-colibri-id=\"7288-c14\" id=\"spartan\" class=\"h-section h-section-global-spacing d-flex align-items-lg-center align-items-md-center align-items-center style-2157 style-local-7288-c14 position-relative\">\n    <div class=\"background-wrapper\">\n      <div class=\"background-layer background-layer-media-container-lg\">\n        <!---->\n        <div class=\"overlay-layer\">\n          <div class=\"overlay-image-layer\" style=\"background-color: rgb(255, 255, 255); opacity: 0.5;\"><\/div>\n        <\/div>\n      <\/div>\n      <div class=\"background-layer background-layer-media-container-md\">\n        <!---->\n        <div class=\"overlay-layer\">\n          <div class=\"overlay-image-layer\" style=\"background-color: rgb(255, 255, 255); opacity: 0.5;\"><\/div>\n        <\/div>\n      <\/div>\n      <div class=\"background-layer background-layer-media-container\">\n        <!---->\n        <div class=\"overlay-layer\">\n          <div class=\"overlay-image-layer\" style=\"background-color: rgb(255, 255, 255); opacity: 0.5;\"><\/div>\n        <\/div>\n      <\/div>\n    <\/div>\n    <!---->\n    <div class=\"h-section-grid-container h-section-boxed-container\">\n      <!---->\n      <div data-colibri-id=\"7288-c15\" class=\"h-row-container gutters-row-lg-0 gutters-row-md-0 gutters-row-0 gutters-row-v-lg-0 gutters-row-v-md-0 gutters-row-v-0 style-2158 style-local-7288-c15 position-relative\">\n        <!---->\n        <div class=\"h-row justify-content-lg-center justify-content-md-center justify-content-center align-items-lg-stretch align-items-md-stretch align-items-stretch gutters-col-lg-0 gutters-col-md-0 gutters-col-0 gutters-col-v-lg-0 gutters-col-v-md-0 gutters-col-v-0\">\n          <!---->\n          <div class=\"h-column h-column-container d-flex h-col-lg-auto h-col-md-auto h-col-auto style-2159-outer style-local-7288-c16-outer\">\n            <div data-colibri-id=\"7288-c16\" class=\"d-flex h-flex-basis h-column__inner h-px-lg-3 h-px-md-3 h-px-3 v-inner-lg-3 v-inner-md-3 v-inner-3 style-2159 style-local-7288-c16 position-relative\">\n              <!---->\n              <!---->\n              <div class=\"w-100 h-y-container h-column__content h-column__v-align flex-basis-100 align-self-lg-center align-self-md-center align-self-center\">\n                <!---->\n                <div data-colibri-id=\"7288-c17\" class=\"h-global-transition-all h-heading style-2160 style-local-7288-c17 position-relative h-element\">\n                  <!---->\n                  <div class=\"h-heading__outer style-2160 style-local-7288-c17\">\n                    <!---->\n                    <!---->\n                    <h3 class=\"\"><strong>SPARTAN MT<\/strong><\/h3>\n                  <\/div>\n                <\/div>\n                <div data-colibri-id=\"7288-c18\" class=\"h-text h-text-component style-2161 style-local-7288-c18 position-relative h-element\">\n                  <!---->\n                  <!---->\n                  <div class=\"\">\n                    <p>SPARTAN MT ofrece un estudio flexible para una exploraci\u00f3n m\u00e1s profunda mediante el mapeo de la resistividad del subsuelo. Es uno de los m\u00e9todos m\u00e1s sofisticados y robustos para generar im\u00e1genes de resistividad de superficie a profundidad. <\/p>\n                    <p>Una gran variedad de aplicaciones: transectos regionales, exploraci\u00f3n local, evaluaci\u00f3n e im\u00e1genes de sitios mineros.<\/p>\n                  <\/div>\n                <\/div>\n                <div data-colibri-id=\"7288-c19\" class=\"h-x-container style-2162 style-local-7288-c19 position-relative h-element\">\n                  <!---->\n                  <div class=\"h-x-container-inner style-dynamic-7288-c19-group style-2162-spacing style-local-7288-c19-spacing\"><span class=\"h-button__outer style-2163-outer style-local-7288-c20-outer d-inline-flex h-element\"><a h-use-smooth-scroll=\"true\" href=\"https:\/\/quantecgeo.com\/es\/spartan-mt\/\"  data-colibri-id=\"7288-c20\" class=\"d-flex w-100 align-items-center h-button justify-content-lg-center justify-content-md-center justify-content-center style-2163 style-local-7288-c20 position-relative\"><!----><!----> <span>APRENDE M\u00c1S<\/span><\/a>\n                    <\/span>\n                  <\/div>\n                <\/div>\n              <\/div>\n            <\/div>\n          <\/div>\n          <div data-aos=\"fadeInRight\" class=\"h-column h-column-container d-flex h-col-lg-auto h-col-md-auto h-col-auto style-2164-outer style-local-7288-c21-outer\">\n            <div data-colibri-id=\"7288-c21\" class=\"d-flex h-flex-basis h-column__inner h-ui-empty-state-container h-px-lg-2 h-px-md-2 h-px-0 v-inner-lg-2 v-inner-md-2 v-inner-0 style-2164 style-local-7288-c21 position-relative\">\n              <!---->\n              <!---->\n              <div class=\"w-100 h-y-container h-column__content h-column__v-align flex-basis-100\">\n                <!---->\n              <\/div>\n            <\/div>\n          <\/div>\n        <\/div>\n      <\/div>\n    <\/div>\n  <\/div>\n<\/div>","protected":false},"excerpt":{"rendered":"<p>Technology&nbsp;for Discovery\ufeff TITAN Simply the best 2D multi-parameter survey instrumentation available today for deep detailed imaging of DCIP and MT (Magnetotellurics) High resolution DCIP data down to depths of 750 metres and more and complimentary detailed MT resistivity down to depths of 2000 metres. LEARN MORE ORION 3D REAL 3D data acquisition for today\u2019s most [&hellip;]<\/p>\n","protected":false},"author":2,"featured_media":0,"parent":0,"menu_order":0,"comment_status":"closed","ping_status":"closed","template":"page-templates\/full-width-page.php","meta":{"footnotes":""},"class_list":["post-7288","page","type-page","status-publish","hentry"],"_links":{"self":[{"href":"https:\/\/quantecgeo.com\/es\/wp-json\/wp\/v2\/pages\/7288","targetHints":{"allow":["GET"]}}],"collection":[{"href":"https:\/\/quantecgeo.com\/es\/wp-json\/wp\/v2\/pages"}],"about":[{"href":"https:\/\/quantecgeo.com\/es\/wp-json\/wp\/v2\/types\/page"}],"author":[{"embeddable":true,"href":"https:\/\/quantecgeo.com\/es\/wp-json\/wp\/v2\/users\/2"}],"replies":[{"embeddable":true,"href":"https:\/\/quantecgeo.com\/es\/wp-json\/wp\/v2\/comments?post=7288"}],"version-history":[{"count":0,"href":"https:\/\/quantecgeo.com\/es\/wp-json\/wp\/v2\/pages\/7288\/revisions"}],"wp:attachment":[{"href":"https:\/\/quantecgeo.com\/es\/wp-json\/wp\/v2\/media?parent=7288"}],"curies":[{"name":"wp","href":"https:\/\/api.w.org\/{rel}","templated":true}]}}